{"id":9625,"date":"2013-09-06T15:19:20","date_gmt":"2013-09-06T12:19:20","guid":{"rendered":"https:\/\/komatekfuar.com\/iletisim\/"},"modified":"2026-03-02T15:04:37","modified_gmt":"2026-03-02T12:04:37","slug":"contact","status":"publish","type":"page","link":"https:\/\/komatekfuar.com\/en\/contact\/","title":{"rendered":"CONTACT"},"content":{"rendered":"<section class=\"l-section wpb_row height_custom color_primary with_img parallax_hor bgwidth_130\"><div class=\"l-section-img\" role=\"img\" aria-label=\"Image\" data-img-width=\"1600\" data-img-height=\"679\" style=\"background-image: url(https:\/\/komatekfuar.com\/wp-content\/uploads\/2026\/02\/hf_20260217_131033_35f5ad2b-7da9-4c32-a58e-94ece2ccbeb8.jpg);\"><\/div><div class=\"l-section-overlay\" style=\"background:rgba(10,10,10,0.7)\"><\/div><div class=\"l-section-h i-cf\"><div class=\"g-cols vc_row via_grid cols_1 laptops-cols_inherit tablets-cols_inherit mobiles-cols_1 valign_top type_default stacking_default\"><div class=\"wpb_column vc_column_container\"><div class=\"vc_column-inner\"><div class=\"wpb_text_column\"><div class=\"wpb_wrapper\"><h1 style=\"text-align: center;\"><strong>Contact Information<\/strong><\/h1>\n<\/div><\/div><div class=\"w-separator size_small\"><\/div><div class=\"w-iconbox iconpos_top style_default color_custom align_center no_text no_title\"><div class=\"w-iconbox-icon\" style=\"font-size:2rem;\"><i class=\"far fa-chevron-down\"><\/i><\/div><div class=\"w-iconbox-meta\"><\/div><\/div><\/div><\/div><\/div><\/div><\/section><section class=\"l-section wpb_row height_custom\"><div class=\"l-section-h i-cf\"><div class=\"g-cols vc_row via_grid cols_2 laptops-cols_inherit tablets-cols_inherit mobiles-cols_1 valign_middle type_default stacking_default\" style=\"--columns-gap:58px;\"><div class=\"wpb_column vc_column_container\"><div class=\"vc_column-inner\"><div class=\"w-iconbox mapsagicon iconpos_top style_default color_primary align_center\"><div class=\"w-iconbox-icon\" style=\"font-size:2rem;\"><i class=\"fas fa-map-marker-alt\"><\/i><\/div><div class=\"w-iconbox-meta\"><h2 class=\"w-iconbox-title\" style=\"font-size:1rem;\">ADDRESS<\/h2><div class=\"w-iconbox-text\"><p>Mustafa Kemal Mah. 2143. Sokak No: 7\/5, Ankara\/T\u00fcrkiye<\/p>\n<\/div><\/div><\/div><div class=\"w-separator size_medium\"><\/div><div class=\"g-cols wpb_row via_grid cols_3 laptops-cols_inherit tablets-cols_inherit mobiles-cols_1 valign_top type_default stacking_default\" style=\"--columns-gap:3rem;\"><div class=\"wpb_column vc_column_container\"><div class=\"vc_column-inner\"><div class=\"w-iconbox mapsagicon iconpos_left style_default color_primary align_left\"><div class=\"w-iconbox-icon\" style=\"font-size:1.2rem;\"><i class=\"fas fa-phone\"><\/i><\/div><div class=\"w-iconbox-meta\"><h2 class=\"w-iconbox-title\" style=\"font-size:1rem;\">PHONE<\/h2><div class=\"w-iconbox-text\"><p><a href=\"tel:+90 312 440 8800\">+90 (312) 440 8800<\/a><\/p>\n<\/div><\/div><\/div><\/div><\/div><div class=\"wpb_column vc_column_container\"><div class=\"vc_column-inner\"><div class=\"w-iconbox mapsagicon iconpos_left style_default color_primary align_left\"><div class=\"w-iconbox-icon\" style=\"font-size:1.2rem;\"><i class=\"fas fa-fax\"><\/i><\/div><div class=\"w-iconbox-meta\"><h2 class=\"w-iconbox-title\" style=\"font-size:1rem;\">FAX<\/h2><div class=\"w-iconbox-text\"><p><a href=\"tel:+90 312 440 8803\">+90 (312) 440 8803<\/a><\/p>\n<\/div><\/div><\/div><\/div><\/div><div class=\"wpb_column vc_column_container\"><div class=\"vc_column-inner\"><div class=\"w-iconbox mapsagicon iconpos_left style_default color_primary align_left\"><div class=\"w-iconbox-icon\" style=\"font-size:1.2rem;\"><i class=\"fas fa-envelope\"><\/i><\/div><div class=\"w-iconbox-meta\"><h2 class=\"w-iconbox-title\" style=\"font-size:1rem;\">E-MAIL<\/h2><div class=\"w-iconbox-text\"><p><a href=\"mailto:info@sada.com.tr\">info@sada.com.tr<\/a><\/p>\n<\/div><\/div><\/div><\/div><\/div><\/div><div class=\"w-separator size_medium\"><\/div><div class=\"w-text us_custom_97967f4c has_text_color\"><span class=\"w-text-h\"><span class=\"w-text-value\">Contact info for specific subjects:<\/span><\/span><\/div><div class=\"w-separator size_medium\"><\/div><div class=\"g-cols wpb_row via_grid cols_2 laptops-cols_inherit tablets-cols_inherit mobiles-cols_1 valign_top type_default stacking_default\" style=\"--columns-gap:3rem;\"><div class=\"wpb_column vc_column_container\"><div class=\"vc_column-inner\"><div class=\"w-iconbox mapsagicon iconpos_left style_default color_primary align_none\"><div class=\"w-iconbox-icon\" style=\"font-size:1.2rem;\"><i class=\"fas fa-circle-notch\"><\/i><\/div><div class=\"w-iconbox-meta\"><h2 class=\"w-iconbox-title\" style=\"font-size:1rem;\">GENERAL MANAGER<\/h2><div class=\"w-iconbox-text\"><p><strong>Levent Baykal<\/strong><br \/>\n<a href=\"mailto:lbaykal@sada.com.tr\">lbaykal@sada.com.tr<\/a><\/p>\n<\/div><\/div><\/div><\/div><\/div><div class=\"wpb_column vc_column_container\"><div class=\"vc_column-inner\"><div class=\"w-iconbox mapsagicon iconpos_left style_default color_primary align_left\"><div class=\"w-iconbox-icon\" style=\"font-size:1.2rem;\"><i class=\"fas fa-circle-notch\"><\/i><\/div><div class=\"w-iconbox-meta\"><h2 class=\"w-iconbox-title\" style=\"font-size:1rem;\">KOMATEK PROJECT MANAGER<\/h2><div class=\"w-iconbox-text\"><p><strong>\u00c7etin Sar\u0131alt\u0131n<\/strong><br \/>\n<a href=\"mailto:csarialtin@sada.com.tr\">csarialtin@sada.com.tr<\/a><\/p>\n<\/div><\/div><\/div><\/div><\/div><\/div><div class=\"w-separator size_medium\"><\/div><div class=\"g-cols wpb_row via_grid cols_2 laptops-cols_inherit tablets-cols_inherit mobiles-cols_1 valign_top type_default stacking_default\" style=\"--columns-gap:3rem;\"><div class=\"wpb_column vc_column_container\"><div class=\"vc_column-inner\"><div class=\"w-iconbox mapsagicon iconpos_left style_default color_primary align_left\"><div class=\"w-iconbox-icon\" style=\"font-size:1.2rem;\"><i class=\"fas fa-circle-notch\"><\/i><\/div><div class=\"w-iconbox-meta\"><h2 class=\"w-iconbox-title\" style=\"font-size:1rem;\">MARKETING &amp; INFRASTRUCTURE<\/h2><div class=\"w-iconbox-text\"><p><strong>Nam\u0131k Kemal Yazar<\/strong><br \/>\n<a href=\"mailto:kyazar@sada.com.tr\">kyazar@sada.com.tr<\/a><\/p>\n<\/div><\/div><\/div><\/div><\/div><div class=\"wpb_column vc_column_container\"><div class=\"vc_column-inner\"><div class=\"w-iconbox mapsagicon iconpos_left style_default color_primary align_left\"><div class=\"w-iconbox-icon\" style=\"font-size:1.2rem;\"><i class=\"fas fa-circle-notch\"><\/i><\/div><div class=\"w-iconbox-meta\"><h2 class=\"w-iconbox-title\" style=\"font-size:1rem;\">FINANCE<\/h2><div class=\"w-iconbox-text\"><p><strong>Nihal Yazar<\/strong><br \/>\n<a href=\"mailto:nyazar@sada.com.tr\">nyazar@sada.com.tr<\/a><\/p>\n<\/div><\/div><\/div><\/div><\/div><\/div><\/div><\/div><div class=\"wpb_column vc_column_container stretched\"><div class=\"vc_column-inner\"><div class=\"w-html map-karanlik\"><iframe src=\"https:\/\/www.google.com\/maps\/embed?pb=!1m18!1m12!1m3!1d3060.2459443964!2d32.76907217735731!3d39.91351197152509!2m3!1f0!2f0!3f0!3m2!1i1024!2i768!4f13.1!3m3!1m2!1s0x14d34883aaef23f1%3A0xa0e9d0efe6cf28f6!2sMustafa%20Kemal%2C%202143.%20Sk.%20No%3A7%20D%3A5%2C%2006510%20%C3%87ankaya%2FAnkara!5e0!3m2!1str!2str!4v1771965744741!5m2!1str!2str\" width=\"100%\" height=\"600\" style=\"border:0;\" allowfullscreen=\"\" loading=\"lazy\" referrerpolicy=\"no-referrer-when-downgrade\"><\/iframe><\/div><\/div><\/div><\/div><\/div><\/section>\n","protected":false},"excerpt":{"rendered":"Contact Information ADDRESSMustafa Kemal Mah. 2143. Sokak No: 7\/5, Ankara\/T\u00fcrkiye PHONE+90 (312) 440 8800 FAX+90 (312) 440 8803 E-MAILinfo@sada.com.tr Contact info for specific subjects:GENERAL MANAGERLevent Baykal lbaykal@sada.com.tr KOMATEK PROJECT MANAGER\u00c7etin Sar\u0131alt\u0131n csarialtin@sada.com.tr MARKETING &amp; INFRASTRUCTURENam\u0131k Kemal Yazar kyazar@sada.com.tr FINANCENihal Yazar nyazar@sada.com.tr","protected":false},"author":1,"featured_media":0,"parent":0,"menu_order":0,"comment_status":"closed","ping_status":"closed","template":"","meta":{"_acf_changed":false,"footnotes":""},"class_list":["post-9625","page","type-page","status-publish","hentry"],"acf":[],"_links":{"self":[{"href":"https:\/\/komatekfuar.com\/en\/wp-json\/wp\/v2\/pages\/9625","targetHints":{"allow":["GET"]}}],"collection":[{"href":"https:\/\/komatekfuar.com\/en\/wp-json\/wp\/v2\/pages"}],"about":[{"href":"https:\/\/komatekfuar.com\/en\/wp-json\/wp\/v2\/types\/page"}],"author":[{"embeddable":true,"href":"https:\/\/komatekfuar.com\/en\/wp-json\/wp\/v2\/users\/1"}],"replies":[{"embeddable":true,"href":"https:\/\/komatekfuar.com\/en\/wp-json\/wp\/v2\/comments?post=9625"}],"version-history":[{"count":4,"href":"https:\/\/komatekfuar.com\/en\/wp-json\/wp\/v2\/pages\/9625\/revisions"}],"predecessor-version":[{"id":9630,"href":"https:\/\/komatekfuar.com\/en\/wp-json\/wp\/v2\/pages\/9625\/revisions\/9630"}],"wp:attachment":[{"href":"https:\/\/komatekfuar.com\/en\/wp-json\/wp\/v2\/media?parent=9625"}],"curies":[{"name":"wp","href":"https:\/\/api.w.org\/{rel}","templated":true}]}}