{"id":9644,"date":"2026-02-26T20:44:49","date_gmt":"2026-02-26T17:44:49","guid":{"rendered":"https:\/\/komatekfuar.com\/satis-ofisleri\/"},"modified":"2026-03-02T15:20:21","modified_gmt":"2026-03-02T12:20:21","slug":"sales-offices","status":"publish","type":"page","link":"https:\/\/komatekfuar.com\/en\/sales-offices\/","title":{"rendered":"SALES OFFICES"},"content":{"rendered":"<section class=\"l-section wpb_row height_custom width_full_with_indents\"><div class=\"l-section-h i-cf\"><div class=\"g-cols vc_row via_grid cols_1 laptops-cols_inherit tablets-cols_inherit mobiles-cols_1 valign_top type_default stacking_default\"><div class=\"wpb_column vc_column_container\"><div class=\"vc_column-inner\"><div class=\"g-cols wpb_row via_grid cols_3-2 laptops-cols_inherit tablets-cols_inherit mobiles-cols_1 valign_middle type_default reversed stacking_default\" style=\"--columns-gap:5rem;\"><div class=\"wpb_column vc_column_container\"><div class=\"vc_column-inner\"><div class=\"w-slider resimsag style_none fit_cover nav_dots has_ratio count_3\" style=\"--aspect-ratio: 112\/55;\"><div class=\"w-slider-h\" aria-hidden=\"true\"><div class=\"royalSlider\"><div class=\"rsContent\"><a class=\"rsImg\" data-rsw=\"1600\" data-rsh=\"1095\" href=\"https:\/\/komatekfuar.com\/wp-content\/uploads\/2026\/02\/ana-sayfa-1.jpg\"><span data-alt=\"\"><\/span><\/a><\/div><div class=\"rsContent\"><a class=\"rsImg\" data-rsw=\"1600\" data-rsh=\"914\" href=\"https:\/\/komatekfuar.com\/wp-content\/uploads\/2026\/02\/ana-sayfa-2.jpg\"><span data-alt=\"\"><\/span><\/a><\/div><div class=\"rsContent\"><a class=\"rsImg\" data-rsw=\"1600\" data-rsh=\"1095\" href=\"https:\/\/komatekfuar.com\/wp-content\/uploads\/2026\/02\/ana-sayfa-3.jpg\"><span data-alt=\"\"><\/span><\/a><\/div><\/div><img decoding=\"async\" src=\"https:\/\/komatekfuar.com\/wp-content\/uploads\/2026\/02\/ana-sayfa-1.jpg\" width=\"1600\" height=\"1095\" alt loading=\"lazy\"><\/div><div class=\"w-slider-json\" onclick='return {&quot;autoScaleSlider&quot;:false,&quot;addActiveClass&quot;:true,&quot;loop&quot;:true,&quot;fadeInLoadedSlide&quot;:false,&quot;slidesSpacing&quot;:0,&quot;imageScalePadding&quot;:0,&quot;numImagesToPreload&quot;:2,&quot;arrowsNav&quot;:false,&quot;arrowsNavAutoHide&quot;:false,&quot;transitionType&quot;:&quot;move&quot;,&quot;transitionSpeed&quot;:250,&quot;block&quot;:{&quot;moveEffect&quot;:&quot;none&quot;,&quot;speed&quot;:300},&quot;thumbs&quot;:{&quot;fitInViewport&quot;:false,&quot;firstMargin&quot;:false,&quot;spacing&quot;:4},&quot;controlNavigation&quot;:&quot;bullets&quot;,&quot;autoplay&quot;:{&quot;enabled&quot;:true,&quot;pauseOnHover&quot;:true,&quot;delay&quot;:3000}}'><\/div><\/div><\/div><\/div><div class=\"wpb_column vc_column_container\"><div class=\"vc_column-inner\"><div class=\"w-vwrapper align_none valign_top\" style=\"--vwrapper-gap:0rem\"><div class=\"w-text us_custom_0e1803f8 has_text_color\"><span class=\"w-text-h\"><span class=\"w-text-value\">HEADQUARTERS<\/span><\/span><\/div><div class=\"w-separator size_small\"><\/div><div class=\"w-text us_custom_6437f71a\"><span class=\"w-text-h\"><span class=\"w-text-value\">SADA<\/span><\/span><\/div><div class=\"w-text us_custom_51590276 has_text_color\"><span class=\"w-text-h\"><span class=\"w-text-value\">TRADE EXHIBITIONS INC.<\/span><\/span><\/div><\/div><div class=\"w-separator size_medium\"><\/div><div class=\"w-iconbox mapsagicon iconpos_left style_default color_primary align_left\"><div class=\"w-iconbox-icon\" style=\"font-size:1.2rem;\"><i class=\"fas fa-phone\"><\/i><\/div><div class=\"w-iconbox-meta\"><h2 class=\"w-iconbox-title\" style=\"font-size:1rem;\">PHONE<\/h2><div class=\"w-iconbox-text\"><p><a href=\"tel:+90 312 440 8800\">+90 (312) 440 8800<\/a><\/p>\n<\/div><\/div><\/div><div class=\"w-separator size_small\"><\/div><div class=\"w-iconbox mapsagicon iconpos_left style_default color_primary align_none\"><div class=\"w-iconbox-icon\" style=\"font-size:1.2rem;\"><i class=\"fas fa-circle-notch\"><\/i><\/div><div class=\"w-iconbox-meta\"><h2 class=\"w-iconbox-title\" style=\"font-size:1rem;\">GENERAL MANAGER<\/h2><div class=\"w-iconbox-text\"><p><strong>Levent Baykal<\/strong><br \/>\n<a href=\"mailto:lbaykal@sada.com.tr\">lbaykal@sada.com.tr<\/a><\/p>\n<p><span>International (excluding below indicated<\/span><\/p>\n<\/div><\/div><\/div><div class=\"w-separator size_small\"><\/div><div class=\"w-iconbox mapsagicon iconpos_left style_default color_primary align_left\"><div class=\"w-iconbox-icon\" style=\"font-size:1.2rem;\"><i class=\"fas fa-circle-notch\"><\/i><\/div><div class=\"w-iconbox-meta\"><h2 class=\"w-iconbox-title\" style=\"font-size:1rem;\">KOMATEK PROJECT MANAGER<\/h2><div class=\"w-iconbox-text\"><p><strong>\u00c7etin Sar\u0131alt\u0131n<\/strong><br \/>\n<a href=\"mailto:csarialtin@sada.com.tr\">csarialtin@sada.com.tr<\/a><\/p>\n<p><span>Local<\/span><\/p>\n<\/div><\/div><\/div><\/div><\/div><\/div><\/div><\/div><\/div><\/div><\/section><section class=\"l-section wpb_row height_custom\"><div class=\"l-section-h i-cf\"><div class=\"g-cols vc_row via_grid cols_2 laptops-cols_inherit tablets-cols_inherit mobiles-cols_1 valign_middle type_default stacking_default\" style=\"--columns-gap:58px;\"><div class=\"wpb_column vc_column_container\"><div class=\"vc_column-inner\"><div class=\"w-text us_custom_0e1803f8 has_text_color\"><span class=\"w-text-h\"><span class=\"w-text-value\">AUTHORIZED REPRESENTATIVES<\/span><\/span><\/div><div class=\"w-separator size_small\"><\/div><div class=\"w-text us_custom_1a0ce90c\"><span class=\"w-text-h\"><span class=\"w-text-value\">China Construction<\/span><\/span><\/div><div class=\"w-text us_custom_7feda1b9 has_text_color\"><span class=\"w-text-h\"><span class=\"w-text-value\">Machinery Association (CCMA)<\/span><\/span><\/div><div class=\"w-separator size_medium\"><\/div><div class=\"w-iconbox mapsagicon iconpos_left style_default color_primary align_left\"><div class=\"w-iconbox-icon\" style=\"font-size:1.2rem;\"><i class=\"fas fa-map-marker-alt\"><\/i><\/div><div class=\"w-iconbox-meta\"><h2 class=\"w-iconbox-title\" style=\"font-size:1rem;\">ADDRESS<\/h2><div class=\"w-iconbox-text\"><p>Building 3, No.11th Yard, Tianhua North Street, Beijing Economic &amp; Technological Developing Area, Beijing 100176, China<\/p>\n<\/div><\/div><\/div><div class=\"w-separator size_small\"><\/div><div class=\"w-iconbox mapsagicon iconpos_left style_default color_primary align_left\"><div class=\"w-iconbox-icon\" style=\"font-size:1.2rem;\"><i class=\"fas fa-phone\"><\/i><\/div><div class=\"w-iconbox-meta\"><h2 class=\"w-iconbox-title\" style=\"font-size:1rem;\">PHONE<\/h2><div class=\"w-iconbox-text\"><p><a href=\"tel:+861068515521\">+861068515521<\/a><\/p>\n<\/div><\/div><\/div><div class=\"w-separator size_small\"><\/div><div class=\"w-iconbox mapsagicon iconpos_left style_default color_primary align_left\"><div class=\"w-iconbox-icon\" style=\"font-size:1.2rem;\"><i class=\"fas fa-envelope\"><\/i><\/div><div class=\"w-iconbox-meta\"><h2 class=\"w-iconbox-title\" style=\"font-size:1rem;\">CONTACT PERSON<\/h2><div class=\"w-iconbox-text\"><p><strong>Bob Ban<\/strong><br \/>\n<a href=\"mailto:byb@cncma.org\">byb@cncma.org<\/a><\/p>\n<\/div><\/div><\/div><div class=\"w-separator size_small\"><\/div><div class=\"w-iconbox mapsagicon iconpos_left style_default color_primary align_left\"><div class=\"w-iconbox-icon\" style=\"font-size:1.2rem;\"><i class=\"fas fa-circle-notch\"><\/i><\/div><div class=\"w-iconbox-meta\"><h2 class=\"w-iconbox-title\" style=\"font-size:1rem;\">TERRITORY<\/h2><div class=\"w-iconbox-text\"><p>China<\/p>\n<\/div><\/div><\/div><\/div><\/div><div class=\"wpb_column vc_column_container stretched\"><div class=\"vc_column-inner\"><div class=\"w-html map-karanlik\"><iframe src=\"https:\/\/www.google.com\/maps\/embed?pb=!1m18!1m12!1m3!1d3065.2876086412703!2d116.49537507735393!3d39.8005399715453!2m3!1f0!2f0!3f0!3m2!1i1024!2i768!4f13.1!3m3!1m2!1s0x35f1b3e668ec8631%3A0x6622e89c118f922e!2sBeijing%20Economic%20and%20Technological%20Development%20Zone%20Administration%20Committee!5e0!3m2!1str!2str!4v1772200823833!5m2!1str!2str\" width=\"100%\" height=\"600\" style=\"border:0;\" allowfullscreen=\"\" loading=\"lazy\" referrerpolicy=\"no-referrer-when-downgrade\"><\/iframe><\/div><\/div><\/div><\/div><\/div><\/section>\n","protected":false},"excerpt":{"rendered":"HEADQUARTERSSADATRADE EXHIBITIONS INC.PHONE+90 (312) 440 8800 GENERAL MANAGERLevent Baykal lbaykal@sada.com.tr International (excluding below indicated KOMATEK PROJECT MANAGER\u00c7etin Sar\u0131alt\u0131n csarialtin@sada.com.tr Local AUTHORIZED REPRESENTATIVESChina ConstructionMachinery Association (CCMA)ADDRESSBuilding 3, No.11th Yard, Tianhua North Street, Beijing Economic &amp; Technological Developing Area, Beijing 100176, China PHONE+861068515521 CONTACT PERSONBob Ban byb@cncma.org TERRITORYChina","protected":false},"author":1,"featured_media":0,"parent":0,"menu_order":0,"comment_status":"closed","ping_status":"closed","template":"","meta":{"_acf_changed":false,"footnotes":""},"class_list":["post-9644","page","type-page","status-publish","hentry"],"acf":[],"_links":{"self":[{"href":"https:\/\/komatekfuar.com\/en\/wp-json\/wp\/v2\/pages\/9644","targetHints":{"allow":["GET"]}}],"collection":[{"href":"https:\/\/komatekfuar.com\/en\/wp-json\/wp\/v2\/pages"}],"about":[{"href":"https:\/\/komatekfuar.com\/en\/wp-json\/wp\/v2\/types\/page"}],"author":[{"embeddable":true,"href":"https:\/\/komatekfuar.com\/en\/wp-json\/wp\/v2\/users\/1"}],"replies":[{"embeddable":true,"href":"https:\/\/komatekfuar.com\/en\/wp-json\/wp\/v2\/comments?post=9644"}],"version-history":[{"count":3,"href":"https:\/\/komatekfuar.com\/en\/wp-json\/wp\/v2\/pages\/9644\/revisions"}],"predecessor-version":[{"id":9665,"href":"https:\/\/komatekfuar.com\/en\/wp-json\/wp\/v2\/pages\/9644\/revisions\/9665"}],"wp:attachment":[{"href":"https:\/\/komatekfuar.com\/en\/wp-json\/wp\/v2\/media?parent=9644"}],"curies":[{"name":"wp","href":"https:\/\/api.w.org\/{rel}","templated":true}]}}