{"id":9645,"date":"2026-02-26T20:44:42","date_gmt":"2026-02-26T17:44:42","guid":{"rendered":"https:\/\/komatekfuar.com\/2024-katilimci-listesi\/"},"modified":"2026-03-02T15:20:35","modified_gmt":"2026-03-02T12:20:35","slug":"list-of-komatek-2024-participants","status":"publish","type":"page","link":"https:\/\/komatekfuar.com\/en\/list-of-komatek-2024-participants\/","title":{"rendered":"LIST OF KOMATEK 2024 PARTICIPANTS"},"content":{"rendered":"<section class=\"l-section wpb_row height_custom\"><div class=\"l-section-h i-cf\"><div class=\"g-cols vc_row via_grid cols_2 laptops-cols_inherit tablets-cols_inherit mobiles-cols_1 valign_top type_default stacking_default\"><div class=\"wpb_column vc_column_container\"><div class=\"vc_column-inner\"><div class=\"wpb_text_column\"><div class=\"wpb_wrapper\"><ul>\n<li>AISLE MASTER<\/li>\n<li>ALBO GENSET<\/li>\n<li>ALBO MAR\u0130NE<\/li>\n<li>ALES H\u0130DROL\u0130K<\/li>\n<li>ALFASEN<\/li>\n<li>ALPEM<\/li>\n<li>ALTINBO\u011eA<\/li>\n<li>ALTINBO\u011eA GAZ ALETLER\u0130<\/li>\n<li>AMMANN<\/li>\n<li>ANA\u00c7<\/li>\n<li>ANKARA DELTA<\/li>\n<li>ANKO<\/li>\n<li>AON<\/li>\n<li>APA M\u00dcTEAHH\u0130TL\u0130K<\/li>\n<li>ARASSAN<\/li>\n<li>ARB RULMANLARI<\/li>\n<li>ASBLOK<\/li>\n<li>ASCENDUM<\/li>\n<li>ASKO GLOB<\/li>\n<li>ASKON<\/li>\n<li>ASR V\u0130N\u00c7<\/li>\n<li>ASTEC<\/li>\n<li>ATOS<\/li>\n<li>AUTEC<\/li>\n<li>AVANT<\/li>\n<li>AYTU\u011eLU D\u0130ZEL<\/li>\n<li>BANDO KAYI\u015eLARI<\/li>\n<li>BAS AK\u00dcM\u00dcLAT\u00d6R<\/li>\n<li>BA\u015eAK F\u0130LTRE<\/li>\n<li>BAUMER<\/li>\n<li>BELL<\/li>\n<li>BE\u015e\u0130K RAF<\/li>\n<li>BETA<\/li>\n<li>BEVCO<\/li>\n<li>BMS<\/li>\n<li>BNG M\u00dcHEND\u0130SL\u0130K<\/li>\n<li>BOBCAT<\/li>\n<li>BOMAG<\/li>\n<li>BORATA\u015e<\/li>\n<li>BRAND ENGINEERING<\/li>\n<li>BS TRACK MAK\u0130NE<\/li>\n<li>BST BETONSTAR<\/li>\n<li>CARER<\/li>\n<li>CASAPPA<\/li>\n<li>CASE<\/li>\n<li>CAVAGNINO &amp; GATTI<\/li>\n<li>CCMA (CHINESE CONSTRUCTION MACHINERY ASSOCIATION)\n<ul>\n<li>ANT\u0130AN ENG\u0130NEER\u0130NG<\/li>\n<li>AOKA\u0130<\/li>\n<li>AULAND<\/li>\n<li>AVENIR<\/li>\n<li>BE\u0130L\u0130TE<\/li>\n<li>BEST<\/li>\n<li>BOL\u0130 ROBOTS<\/li>\n<li>BORAN<\/li>\n<li>BOX\u0130N HAYDRAUL\u0130C<\/li>\n<li>CABR<\/li>\n<li>COAGENT TRADE<\/li>\n<li>DAFANG HI<\/li>\n<li>DAQUAN<\/li>\n<li>DR\u0130LLMASTER<\/li>\n<li>EDD\u0130E<\/li>\n<li>ENGINE<\/li>\n<li>ESD.N<\/li>\n<li>G\u0130MPO<\/li>\n<li>HA\u0130T\u0130AN PRECAST<\/li>\n<li>HALIES<\/li>\n<li>HEADMAN<\/li>\n<li>HENGJIAN<\/li>\n<li>HENGWANG MINING<\/li>\n<li>HESEN<\/li>\n<li>HONGDA<\/li>\n<li>HONGSHENGXING<\/li>\n<li>HUANGSHENGDA<\/li>\n<li>HUAYE<\/li>\n<li>J\u0130NJ\u0130A<\/li>\n<li>JNM METALS<\/li>\n<li>JULI<\/li>\n<li>KAFU PARTS<\/li>\n<li>KETA\u0130 ROLLER<\/li>\n<li>KING HESSENS<\/li>\n<li>KINGLEBON<\/li>\n<li>K\u0130NGL\u0130FT AWP<\/li>\n<li>L\u0130FENG PARTS<\/li>\n<li>L\u0130NGONG<\/li>\n<li>L\u0130WE\u0130 PUMP<\/li>\n<li>OUCHA\u0130 TECH<\/li>\n<li>PEIQUAN<\/li>\n<li>QIANGSHENG<\/li>\n<li>Q\u0130ANJ\u0130NG PARTS<\/li>\n<li>QUANHENG<\/li>\n<li>RU\u0130WE\u0130<\/li>\n<li>SANHU\u0130<\/li>\n<li>SENCHUAN<\/li>\n<li>SINO HYDRAUL\u0130C<\/li>\n<li>SUYU<\/li>\n<li>SWBTEC<\/li>\n<li>TA\u0130M\u0130NG HYDRAUL\u0130C<\/li>\n<li>TEWEITE<\/li>\n<li>T\u0130ANY\u0130<\/li>\n<li>TONLY TRUCKS<\/li>\n<li>TRANSPOWER<\/li>\n<li>VANSE MACH\u0130NERY<\/li>\n<li>WE\u0130YE<\/li>\n<li>YINTAI<\/li>\n<li>Y\u0130WE\u0130 SEALS<\/li>\n<li>YOUDE<\/li>\n<li>YUEFAN MACH\u0130NERY<\/li>\n<li>ZHANPENG<\/li>\n<li>ZHENGXING<\/li>\n<li>ZHENHENG HYDRAUL\u0130C<\/li>\n<li>ZHONGT\u0130AN<\/li>\n<\/ul>\n<\/li>\n<li>CEREN MAK\u0130NA<\/li>\n<li>CEYTECH<\/li>\n<li>CJP PARTS<\/li>\n<li>CK D\u00d6K\u00dcM<\/li>\n<li>CLEANFIX<\/li>\n<li>CMT M\u00dcHEND\u0130SL\u0130K<\/li>\n<li>COMBILIFT<\/li>\n<li>COMPOS\u0130T<\/li>\n<li>CONSTMACH<\/li>\n<li>CROWN FORKL\u0130FT<\/li>\n<li>\u00c7AM GRUP<\/li>\n<li>\u00c7ATALKAYA<\/li>\n<li>\u00c7\u00d6Z\u00dcM MAK\u0130NA<\/li>\n<li>\u00c7UKUROVA \u0130ST\u0130F<\/li>\n<li>\u00c7UKUROVA Z\u0130RAAT<\/li>\n<li>DIECI<\/li>\n<li>DEM\u0130R L\u0130FT MAK\u0130NA<\/li>\n<li>DM DEM\u0130RAYAK<\/li>\n<li>DONALDSON<\/li>\n<li>DOOSAN<\/li>\n<li>DOPPSTADT<\/li>\n<li>DUPLOMATIC OLEODINAMICA<\/li>\n<li>EATON<\/li>\n<li>EDM<\/li>\n<li>EKE ENERJ\u0130<\/li>\n<li>EKEMLER<\/li>\n<li>EKT AK\u00dc<\/li>\n<li>ELC END\u00dcSTR\u0130YEL<\/li>\n<li>ELS L\u0130FT<\/li>\n<li>EMES TEKERLEKLER\u0130<\/li>\n<li>EM\u0130TEK<\/li>\n<li>ENKA<\/li>\n<li>ERICHHAHN MAK\u0130NA<\/li>\n<li>ERMAK BETON<\/li>\n<li>ERSAN<\/li>\n<li>ESAN AK\u00dc<\/li>\n<li>ESSA GRUP MAK\u0130NA<\/li>\n<li>ETNYRE<\/li>\n<li>EVER EXCEED<\/li>\n<li>FABO<\/li>\n<li>FAMIX<\/li>\n<li>FARESIN<\/li>\n<li>FILTEC<\/li>\n<li>FILTREC TECHNICAL FILTRACION<\/li>\n<li>FILTRON<\/li>\n<\/ul>\n<\/div><\/div><\/div><\/div><div class=\"wpb_column vc_column_container\"><div class=\"vc_column-inner\"><div class=\"wpb_text_column\"><div class=\"wpb_wrapper\"><ul>\n<li>FILTREC F\u0130LTRE<\/li>\n<li>F\u0130L FILTER<\/li>\n<li>FLEETGUARD<\/li>\n<li>FML<\/li>\n<li>FOR FITTINGS<\/li>\n<li>FUCHS<\/li>\n<li>GAMA AK\u00dc<\/li>\n<li>GEHL<\/li>\n<li>GHERRI<\/li>\n<li>GLOBAL<\/li>\n<li>GLOBMAC<\/li>\n<li>G\u00dcR\u0130\u015e<\/li>\n<li>G\u00d6KER<\/li>\n<li>HASIRCI H\u0130DROL\u0130K<\/li>\n<li>HAWE HYDRAULIK<\/li>\n<li>HBC RADIOMATIC<\/li>\n<li>HBS<\/li>\n<li>HELI<\/li>\n<li>HIDROMEK<\/li>\n<li>HITACHI<\/li>\n<li>HOFMANN<\/li>\n<li>HSC CRANES<\/li>\n<li>HYDAC<\/li>\n<li>HYUNDAI CE<\/li>\n<li>I.H.S<\/li>\n<li>INDECO<\/li>\n<li>IMER ACCESS<\/li>\n<li>IPC GANSOW<\/li>\n<li>\u0130NC\u0130 AK\u00dc<\/li>\n<li>JLG<\/li>\n<li>JUNGHEINRICH<\/li>\n<li>KAPLAN<\/li>\n<li>KASTA\u015e<\/li>\n<li>KATO<\/li>\n<li>KAYA GRUP<\/li>\n<li>KENSAN<\/li>\n<li>KGM<\/li>\n<li>KIGIS<\/li>\n<li>KIMERA<\/li>\n<li>KOBELCO<\/li>\n<li>KOMATSU<\/li>\n<li>KOYO RULMANLARI<\/li>\n<li>KPS KAU\u00c7UK<\/li>\n<li>KUBOTA<\/li>\n<li>KUZEY \u0130THALAT<\/li>\n<li>LHT<\/li>\n<li>LIEBHERR<\/li>\n<li>LINDE MH<\/li>\n<li>LIUGONG<\/li>\n<li>L\u0130N \u0130N\u015eAAT<\/li>\n<li>MAATS<\/li>\n<li>MACROPAVER<\/li>\n<li>MAFI<\/li>\n<li>MAN FILTER<\/li>\n<li>MANITOU<\/li>\n<li>MASA<\/li>\n<li>MC H\u0130DROL\u0130K<\/li>\n<li>MEKA L\u0130FT<\/li>\n<li>METAL WORK<\/li>\n<li>METSO<\/li>\n<li>MICROPOWER GROUP<\/li>\n<li>MITSUBISHI MARINE ENGINE<\/li>\n<li>MOBA<\/li>\n<li>MOTTO<\/li>\n<li>MPFITRI<\/li>\n<li>NET MAK<\/li>\n<li>NEW HOLLAND<\/li>\n<li>OKADA<\/li>\n<li>ONSEK BUNKE<\/li>\n<li>ORDEM<\/li>\n<li>ORLACO<\/li>\n<li>\u00d6Z\u0130SMAK<\/li>\n<li>\u00d6ZAYDINLAR MAK\u0130NA<\/li>\n<li>\u00d6ZT\u00dcZ\u00dcN<\/li>\n<li>PALFINGER<\/li>\n<li>PARKER PLANT<\/li>\n<li>PETEK<\/li>\n<li>PETROL OF\u0130S\u0130<\/li>\n<li>PLATFON<\/li>\n<li>POGGIO<\/li>\n<li>POWER CURBERS<\/li>\n<li>POWER PAVERS<\/li>\n<li>PUTZMEISTER<\/li>\n<li>RASA<\/li>\n<li>RASCO<\/li>\n<li>RENTLIFT<\/li>\n<li>REXROTH BOSH GROUP<\/li>\n<li>RKN GRUP<\/li>\n<li>RTD D\u00d6K\u00dcM<\/li>\n<li>RULMAN T\u0130CARET<\/li>\n<li>R\u00dcZGAR V\u0130N\u00c7<\/li>\n<li>SANDALCI MAK\u0130NA<\/li>\n<li>SANY<\/li>\n<li>SCANRECO<\/li>\n<li>SCHAEFFLER GRUP<\/li>\n<li>SDEC<\/li>\n<li>SDLG<\/li>\n<li>SDMO<\/li>\n<li>SEL HOSES<\/li>\n<li>SHANTUI<\/li>\n<li>SHIVISION<\/li>\n<li>SIDE<\/li>\n<li>SIMRIT<\/li>\n<li>SINOBOOM<\/li>\n<li>S\u0130MER<\/li>\n<li>S\u0130STEM B\u0130LG\u0130SAYAR<\/li>\n<li>SMA<\/li>\n<li>SMARTLIFT<\/li>\n<li>SOCOMEC<\/li>\n<li>SOL\u0130DLAS<\/li>\n<li>STC C\u0130VATA<\/li>\n<li>STILL<\/li>\n<li>SUMITOMO<\/li>\n<li>SUNWARD<\/li>\n<li>SUPERIOR BROOM<\/li>\n<li>TAB-BAYKAL<\/li>\n<li>TADANO<\/li>\n<li>TAKEUCHI<\/li>\n<li>TANA<\/li>\n<li>TATMAK<\/li>\n<li>TCM<\/li>\n<li>TEKMAK<\/li>\n<li>THWAITES<\/li>\n<li>TIGER HYDRAULIC<\/li>\n<li>T\u0130MOSEN\/T\u0130MODER<\/li>\n<li>TOPWERK<\/li>\n<li>TOYOTA<\/li>\n<li>TPI CNC TEZGAH RULMANLARI<\/li>\n<li>T\u00dcMOSAN<\/li>\n<li>T\u00dcRK TRAKT\u00d6R<\/li>\n<li>TSM<\/li>\n<li>TYSIM MAK\u0130NA<\/li>\n<li>\u00d6ZAYDIN<\/li>\n<li>UDOR<\/li>\n<li>UNACEA<\/li>\n<li>UNITRONICS<\/li>\n<li>UYGUNLAR<\/li>\n<li>UYMAZ H\u0130DROL\u0130K<\/li>\n<li>UZMANLAR<\/li>\n<li>\u00dc\u00c7ASLAR<\/li>\n<li>\u00dcSFEN<\/li>\n<li>VALME<\/li>\n<li>V\u0130MPO<\/li>\n<li>VOLVO CE<\/li>\n<li>VOLVO TRUCKS<\/li>\n<li>VOLZE FILTERS<\/li>\n<li>WANDA FORKL\u0130FT RULMANLARI<\/li>\n<li>WALVOIL<\/li>\n<li>WBK<\/li>\n<li>WHEELED TRACTOR<\/li>\n<li>XCMG<\/li>\n<li>XUGONG \u0130\u015e MAK<\/li>\n<li>YANMAR<\/li>\n<li>Y\u0130\u011e\u0130T AK\u00dc<\/li>\n<li>ZEN PARTS<\/li>\n<li>Z\u0130RVE<\/li>\n<li>ZOOMLION<\/li>\n<\/ul>\n<\/div><\/div><\/div><\/div><\/div><\/div><\/section>\n","protected":false},"excerpt":{"rendered":"AISLE MASTER ALBO GENSET ALBO MAR\u0130NE ALES H\u0130DROL\u0130K ALFASEN ALPEM ALTINBO\u011eA ALTINBO\u011eA GAZ ALETLER\u0130 AMMANN ANA\u00c7 ANKARA DELTA ANKO AON APA M\u00dcTEAHH\u0130TL\u0130K ARASSAN ARB RULMANLARI ASBLOK ASCENDUM ASKO GLOB ASKON ASR V\u0130N\u00c7 ASTEC ATOS AUTEC AVANT AYTU\u011eLU D\u0130ZEL BANDO KAYI\u015eLARI BAS AK\u00dcM\u00dcLAT\u00d6R BA\u015eAK F\u0130LTRE BAUMER BELL BE\u015e\u0130K RAF BETA BEVCO BMS BNG M\u00dcHEND\u0130SL\u0130K BOBCAT BOMAG...","protected":false},"author":1,"featured_media":0,"parent":0,"menu_order":0,"comment_status":"closed","ping_status":"closed","template":"","meta":{"_acf_changed":false,"footnotes":""},"class_list":["post-9645","page","type-page","status-publish","hentry"],"acf":[],"_links":{"self":[{"href":"https:\/\/komatekfuar.com\/en\/wp-json\/wp\/v2\/pages\/9645","targetHints":{"allow":["GET"]}}],"collection":[{"href":"https:\/\/komatekfuar.com\/en\/wp-json\/wp\/v2\/pages"}],"about":[{"href":"https:\/\/komatekfuar.com\/en\/wp-json\/wp\/v2\/types\/page"}],"author":[{"embeddable":true,"href":"https:\/\/komatekfuar.com\/en\/wp-json\/wp\/v2\/users\/1"}],"replies":[{"embeddable":true,"href":"https:\/\/komatekfuar.com\/en\/wp-json\/wp\/v2\/comments?post=9645"}],"version-history":[{"count":2,"href":"https:\/\/komatekfuar.com\/en\/wp-json\/wp\/v2\/pages\/9645\/revisions"}],"predecessor-version":[{"id":9666,"href":"https:\/\/komatekfuar.com\/en\/wp-json\/wp\/v2\/pages\/9645\/revisions\/9666"}],"wp:attachment":[{"href":"https:\/\/komatekfuar.com\/en\/wp-json\/wp\/v2\/media?parent=9645"}],"curies":[{"name":"wp","href":"https:\/\/api.w.org\/{rel}","templated":true}]}}