{"id":9652,"date":"2026-02-26T20:44:34","date_gmt":"2026-02-26T17:44:34","guid":{"rendered":"https:\/\/komatekfuar.com\/2026-katilimci-listesi\/"},"modified":"2026-03-27T13:20:00","modified_gmt":"2026-03-27T10:20:00","slug":"list-of-komatek-2026-participants","status":"publish","type":"page","link":"https:\/\/komatekfuar.com\/en\/list-of-komatek-2026-participants\/","title":{"rendered":"LIST OF KOMATEK 2026 PARTICIPANTS"},"content":{"rendered":"<section class=\"l-section wpb_row height_custom\"><div class=\"l-section-h i-cf\"><div class=\"g-cols vc_row via_grid cols_2 laptops-cols_inherit tablets-cols_inherit mobiles-cols_1 valign_top type_default stacking_default\"><div class=\"wpb_column vc_column_container\"><div class=\"vc_column-inner\"><div class=\"wpb_text_column\"><div class=\"wpb_wrapper\"><ul>\n<li>ACCESS<\/li>\n<li>AKM \u0130\u015e MAK\u0130NALARI SAN. VE T\u0130C. LTD. \u015eT\u0130.<\/li>\n<li>AKSAN MAK\u0130NA HASAN H\u00dcSEY\u0130N AKSU<\/li>\n<li>ALTIN YAPIM F\u0130LM MEDYA ORG. VE B\u0130L\u0130\u015e\u0130M A.\u015e.<\/li>\n<li>ANA\u00c7 MAK\u0130NA \u0130N\u015e.TEKS.SAN.T\u0130C.LTD.\u015eT\u0130<\/li>\n<li>APA M\u00dcTEAHH\u0130TL\u0130K DAN.PROJE \u0130N\u015e.MAK.SAN VE T\u0130C.A.\u015e<\/li>\n<li>ARMOTEK \u0130\u00c7 VE DI\u015e T\u0130CARET LTD. \u015eT\u0130.<\/li>\n<li>ASBLOK MAK\u0130NA METAL \u00dcR\u00dcN \u0130ML. \u0130TH. \u0130HR. SAN. VE T\u0130C. LTD. \u015eT\u0130.<\/li>\n<li>ASCENDUM MAK\u0130NA T\u0130C. A.\u015e.<\/li>\n<li>ASiMATO<\/li>\n<li>ASKO GLOB ALL MARKETING DI\u015e T\u0130CARET A.\u015e.<\/li>\n<li>ASTRA<\/li>\n<li>AUTOF\u0130X ARIZA TESP\u0130T C\u0130HAZLARI SERV\u0130SEK\u0130PMANLARI YAZILIM B\u0130L\u0130S\u0130M<\/li>\n<li>AVRASYA H\u0130DROL\u0130K MAK\u0130NE \u0130MALATI SANAY\u0130 VE T\u0130C. LTD. \u015eT\u0130.<\/li>\n<li>AYMEK<\/li>\n<li>BAOLI<\/li>\n<li>BE\u015e\u0130K RAF S\u0130STEMLER\u0130 A.\u015e.<\/li>\n<li>BETONSTAR MAK\u0130NA SAN. VE T\u0130C. A.\u015e.<\/li>\n<li>BEZARES S.A.<\/li>\n<li>BNG M\u00dcHEND\u0130SL\u0130K H\u0130DROL\u0130K S\u0130L\u0130ND\u0130R MAK. SAN. VE T\u0130C. LTD. \u015eT\u0130.<\/li>\n<li>BNG<\/li>\n<li>BOBCAT<\/li>\n<li>BOMAG<\/li>\n<li>BORATA\u015e TUR MAK. \u0130N\u015e. TAAH. SAN. VE T\u0130C. LTD. \u015eT\u0130.<\/li>\n<li>BORUSAN MAK\u0130NA VE G\u00dc\u00c7 S\u0130STEMLER\u0130 SAN. VE T\u0130C. A.\u015e.<\/li>\n<li>CARER<\/li>\n<li>CASE<\/li>\n<li>CAT CATERP\u0130LLAR<\/li>\n<li>CCMA INTERNATIONAL EXHIBITION CO., LTD.\n<ul>\n<li>Boran Technology Co..Ltd.<\/li>\n<li>CANGZHOU HONGCHENG PIPE FITTINGS CO.,LTD<\/li>\n<li>CEP INTERNATIONAL<\/li>\n<li>Darson International Co.,Ltd.<\/li>\n<li>FES China limited<\/li>\n<li>Foshan Jiaqi hydraulic transmission Co.,LTD<\/li>\n<li>FUJIAN TIANZHONG MACHINERY TECHNOLOGY CO., LTD<\/li>\n<li>FUJIAN ZHENYUAN HYDRAULIC EQUIPMENT CO.,LTD<\/li>\n<li>FUJIANSHENG SHENGNA MACHINERY DEVELOPMENT CO.,LTD<\/li>\n<li>Fujian Jingong New Energy Technology Co., Ltd.<\/li>\n<li>GUANGDONG FENGYE AUTOMOTIVE TECHNOLOGY CO., LTD.<\/li>\n<li>Guangdong Nacre Hydraulic CO.,Ltd<\/li>\n<li>Guangdong Xuou Hydraulic Technology Co., LTD<\/li>\n<li>Guangzhou Baolilai Hydraulic Machinery Co., Ltd.<\/li>\n<li>Guangzhou C.Y. Machinery Parts Trading Co.,Ltd<\/li>\n<li>Guangzhou FuTeBang Hydraulic Machinery Equipment Co,Ltd<\/li>\n<li>Guangzhou Yangkai Machinery Parts Co.,Ltd<\/li>\n<li>Hangzhou Benfeng Auto Co.,ltd.<\/li>\n<li>HEBEI JINLIANG HEAVY MACHINERY CO.,LTD<\/li>\n<li>HEBEI SHANKAI HYDRAULIC TECHNOLOGY CO., LTD<\/li>\n<li>Hubei Xinshengkang Power Technology Co., Ltd<\/li>\n<li>Hunan SonnePower International Co., Ltd.<\/li>\n<li>JIANGMEN BAORUI MACHINERY ENGINEERING CO.,LTD<\/li>\n<li>JIANGSU JUWEI MACHINERY CO.,LTD.<\/li>\n<li>JIANGXI B-NAIL CONSTRUCTION MACHINERY TECHNOLOGY CO.,LTD<\/li>\n<li>JIANGXI ZHONGTIAN INTELLIGENT EQUIPMENT CO.,LTD.<\/li>\n<li>JINING SHANTE SONGZHENG CONSTRUCTION MACHINER CO.,LTD<\/li>\n<li>Jiangsu Hengjian Transmission Equipment Co.,Ltd.<\/li>\n<li>Jiangsu SUNHUNK Logistics Equipment Co., Ltd<\/li>\n<li>Jiangsu Zhengfeng Hydraulic Technology Co.,Ltd.<\/li>\n<li>Luohe Bonwell Hydraulic Co., Ltd<\/li>\n<li>LUOHE MEDLINE HYDRAULIC FLUID CO.,LTD.<\/li>\n<li>LUOYANG DIRON PARTS TRADING CO., LTD<\/li>\n<li>LUOYANG HENG GUAN BEARING TECHNOLOGY CO., LTD.<\/li>\n<li>NINGBO HELM TOWER NODA HYDRAULIC CO., LTD.<\/li>\n<li>NINGBO TIEMIN MECHANICAL CO.,LTD,<\/li>\n<li>NINGGUO SWBTEC INDUSTRY CO.,LTD<\/li>\n<li>Omashi Hydraulic Equipment (Shijiazhuang) Co., Ltd.<\/li>\n<li>Power Machinery Equipment Co.,Ltd<\/li>\n<li>Quangong Machinery Co., Ltd<\/li>\n<li>QUANZHOU HONGSHENGXING ENGINEERING MACHINERY CO.,LTD<\/li>\n<li>QUANZHOU HONGSHENGXING ENGINEERING MACHINERY CO.,LTD<\/li>\n<li>QUANZHOU JIUMU EXCAVATING MACHINERY ACCESSORIES CO.,LTD<\/li>\n<li>QUANZHOU JIUSHENG CONSTRUCTION MACHINERY CO.,LTD<\/li>\n<li>QUANZHOU MARS MACHINERY CO,.LTD.<\/li>\n<li>QUANZHOU RED HILL ENGINEERING AND MACHINERY CO., LTD<\/li>\n<li>RuiAn QingXiang Filter Co., LTD<\/li>\n<li>SAMMOON VEHICLE LIGHTING TECHNOLOGY CO.,LTD<\/li>\n<li>SHANDONG MIGHTY GEAR INTERNATIONAL TRADE CO., LTD.<\/li>\n<li>Shandong Tairui Fude Machinery Co.,Ltd<\/li>\n<li>Shangdong Lutong Heavy Industry Machinery Co.,Ltd<\/li>\n<li>SHANGHAI CRAFTMETER CONTROL TECHNOLOGY CO., LTD.<\/li>\n<li>SHANGHAI XIN-SUNMAN PACKING INDUSTRY CO., LTD<\/li>\n<li>SHANGHAI XZT FLUID TECHNOLOGY Co.,LTD<\/li>\n<li>Shantui Construction Machinery Co., Ltd.<\/li>\n<li>SHAOGUAN CITY CRANE FACTORY CO.,LTD<\/li>\n<li>SHAOXING HI-TECH MACHINERY CO., LTD.<\/li>\n<li>Suzhou Qexpand Electronic Technology Co.,Ltd<\/li>\n<li>TAIZHOU LIZHONG PUMP MFG CO.,LTD.<\/li>\n<li>TAIZHOU SAIYI HYDRAULIC MACHINERY CO.,LTD<\/li>\n<li>Taizhou Beilite Machinery Co., LTD<\/li>\n<li>Toyo Heavy Industries(Dalian) Co.Ltd<\/li>\n<li>WEKAR TECHNIC (YANCHENG) CO.,LTD.<\/li>\n<li>Wenzhou Dima Filtration System Technology Co., Ltd.<\/li>\n<li>Wenzhou Jingtong Hydraumatic Co.,Ltd.<\/li>\n<li>XIAMEN WORTHPART MACHINERY CO., LTD.<\/li>\n<li>YANTAI TEDY CONSTRUCTION MACHINERY CO.,LTD<\/li>\n<li>Yantai Jiwei Construction Machinery Equipment Co., LTD.<\/li>\n<li>ZHEJIANG GUANGLI CONSTRUCTION MACHINERY CO., LTD<\/li>\n<li>ZHEJIANG JIWANG FORGING TECHNOLOGY CO.,LTD<\/li>\n<li>ZHEJIANG UN FORKLIFT CO., LTD.<\/li>\n<li>ZHEJIANG UNTE TECHNOLOGY CO., LTD.<\/li>\n<li>Zhejiang Senstren Technology Co.,Ltd<\/li>\n<li>Zhuzhou Dongya Tool Co.,Ltd<\/li>\n<\/ul>\n<\/li>\n<li>CEREN MAK\u0130NA \u0130THALAT \u0130HRACAT PAZ. LTD. \u015eT\u0130.<\/li>\n<li>CEYTECH MAK\u0130NA SANAY\u0130 VE T\u0130CARET A.\u015e.<\/li>\n<li>CL\u0130FT<\/li>\n<li>CMF MAK\u0130NA SANAY\u0130 VE T\u0130CARET ANON\u0130M \u015e\u0130RKET\u0130<\/li>\n<li>COMBILIFT<\/li>\n<li>CROWN<\/li>\n<li>CW ENERJ\u0130 M\u00dcH. T\u0130C. VE SAN. A.\u015e.<\/li>\n<li>\u00c7AM DI\u015e T\u0130CARET<\/li>\n<li>\u00c7UKUROVA Z\u0130RAAT END\u00dcSTR\u0130 VE T\u0130C. A.\u015e.<\/li>\n<li>DEVELON<\/li>\n<li>DIESSEL H\u0130DROL\u0130K<\/li>\n<li>D\u0130EC\u0130<\/li>\n<li>DOLPH\u0130N<\/li>\n<li>ECHELON RAMP \u0130MALAT \u0130THALAT \u0130HRACAT SAN. VE T\u0130C. LTD. \u015eT\u0130.<\/li>\n<li>ED YAPI GRUP \u0130N\u015eAAT HAFR\u0130YAT SAN. T\u0130C. LTD. \u015eT\u0130.<\/li>\n<li>EDDIE<\/li>\n<li>EFERKON MAK\u0130NA YEEK PAR\u00c7A \u0130ML \u0130\u015e MAK. SAN. T\u0130C. LTD. \u015eT\u0130.<\/li>\n<li>EKT AK\u00dc A.\u015e.<\/li>\n<li>ENERGY AK\u00dc<\/li>\n<li>ERC H\u0130DROL\u0130K PN\u00d6MAT\u0130K METAL MAK\u0130NA MEKAN\u0130K \u0130TH. \u0130HR. SAN. VE T\u0130C. LTD. \u015eT\u0130.<\/li>\n<li>ESAN AK\u00dc VE MALZEMELER\u0130 SAN. VE T\u0130C. A.\u015e.<\/li>\n<li>FABO MAK\u0130NA \u0130MALAT PAZ. SAN. VE T\u0130C. LTD. \u015eT\u0130.<\/li>\n<li>FARESIN<\/li>\n<\/ul>\n<\/div><\/div><\/div><\/div><div class=\"wpb_column vc_column_container\"><div class=\"vc_column-inner\"><div class=\"wpb_text_column\"><div class=\"wpb_wrapper\"><ul>\n<li>FINLAY<\/li>\n<li>FORKL\u0130FT<\/li>\n<li>FUCHS<\/li>\n<li>FURUKAWA<\/li>\n<li>GAMA AK\u00dcM\u00dcLAT\u00d6R SAN. VE T\u0130C. LTD. \u015eT\u0130.<\/li>\n<li>GLOBAL YEDEK PAR\u00c7A VE \u0130\u015e MAK\u0130NALARI \u0130THALAT SANAY\u0130 T\u0130CARET L\u0130M\u0130TED \u015e\u0130RKET\u0130<\/li>\n<li>G\u00dcR\u0130\u015e \u0130\u015e MAK\u0130NALARI END\u00dcSTR\u0130 A.\u015e.<\/li>\n<li>HASEL \u0130ST\u0130F MAK\u0130NALARI SAN. VE T\u0130C. A.\u015e.<\/li>\n<li>HASEL \u0130ST\u0130F MAK\u0130NALARI SAN. VE T\u0130C. A.\u015e.<\/li>\n<li>HASSAS TARIM<\/li>\n<li>HAWE H\u0130DROL\u0130K VE OTOMASYON S\u0130STEMLER\u0130 A.\u015e.<\/li>\n<li>HETRONIC TURKEY RF END\u00dcSTR\u0130YEL UZAKTAN KUMANDA SAN. VE T\u0130C. LTD. \u015eT\u0130.<\/li>\n<li>HIDROAST<\/li>\n<li>H\u0130DROMEK H\u0130DROL\u0130K VE MEKAN\u0130K MAK\u0130NA \u0130MALAT SAN. VE T\u0130C. A.\u015e.<\/li>\n<li>H\u0130DROS\u0130L H\u0130DROL\u0130K S\u0130L\u0130ND\u0130R MAK. \u0130N\u015e. MAD. \u0130TH. \u0130HR. SAN. VE T\u0130C. LTD. \u015eT\u0130.<\/li>\n<li>H\u0130KOKI<\/li>\n<li>HORTUM MARKET HORTUM REKOR \u0130THALAT.\u0130HRACAT.SAN.T\u0130C.LTD.\u015eT\u0130<\/li>\n<li>HYDAC AKI\u015eKAN KONTROL S\u0130STEMLER\u0130 SAN. T\u0130C. A.\u015e.<\/li>\n<li>HYSTER<\/li>\n<li>HYSTER FORKL\u0130FT<\/li>\n<li>HYUNDAI<\/li>\n<li>INSTATIQ<\/li>\n<li>\u0130NAN MAK\u0130NA SAN. VE T\u0130C. A.\u015e.<\/li>\n<li>\u0130ONTRON<\/li>\n<li>\u0130STECH ELEKTRON\u0130K M\u00dcHEND\u0130SL\u0130K SAN. VE T\u0130C. LTD. \u015eT\u0130.<\/li>\n<li>JSB<\/li>\n<li>JUNGHEINRICH \u0130ST\u0130F MAK\u0130NALARI SAN. VE T\u0130C. LTD. \u015eT\u0130.<\/li>\n<li>KALE MAK\u0130NA PAZARLAMA A.\u015e.<\/li>\n<li>KATO<\/li>\n<li>KENSAN MAK\u0130NA SANAY\u0130 T\u0130CARET L\u0130M\u0130TED \u015e\u0130RKET\u0130<\/li>\n<li>KETE \u0130\u015e MAK\u0130NA VE OTO YEDEK PAR\u00c7A HIRDAVAT SANAY\u0130 T\u0130CARET L\u0130M\u0130TED \u015e\u0130RKET\u0130<\/li>\n<li>KIMA<\/li>\n<li>KL ECO<\/li>\n<li>KOBELCO<\/li>\n<li>KOMATSU<\/li>\n<li>Kozano\u011flu Kozmaksan Hidrolik Pompa Ve Ara \u015eanz. \u0130mlt \u0130n\u015f. Oto Al\u0131m Sat\u0131m San. Tic. Ltd. \u015eti.<\/li>\n<li>KTR TURKEY G\u00dc\u00c7 AKTARMA S\u0130STEMLER\u0130 SAN. VE T\u0130C. LTD. \u015eT\u0130.<\/li>\n<li>LABR\u0130S MADEN VE MAK\u0130NA SAN. A.\u015e.<\/li>\n<li>LGMG<\/li>\n<li>LIEBHERR MAK\u0130NE T\u0130CARET SERV\u0130S LTD. \u015eT\u0130.<\/li>\n<li>LIFT<\/li>\n<li>LIFTFIT<\/li>\n<li>LIUGONG<\/li>\n<li>L\u0130NDE MH<\/li>\n<li>L\u0130NKAS TEKNOLOJ\u0130 SAN. T\u0130C. A.\u015e.<\/li>\n<li>LOVOL<\/li>\n<li>LTMG<\/li>\n<li>MAATS MAK\u0130NA A.\u015e.<\/li>\n<li>MAFI<\/li>\n<li>MAKERSAN MAK\u0130NA OTOMOT\u0130V SAN.T\u0130C.A.\u015e<\/li>\n<li>MANITOU<\/li>\n<li>MARUBEN\u0130 DA\u011eITIM VE SERV\u0130S A.\u015e.<\/li>\n<li>MASA GMBH<\/li>\n<li>MASTA\u015e MAK\u0130NA SAN. VE T\u0130C. A.\u015e.<\/li>\n<li>MC H\u0130DROL\u0130K MAK. \u0130N\u015e. SAN. VE T\u0130C. LTD. \u015eT\u0130<\/li>\n<li>MCI PROPULSION ENERJ\u0130 MAK\u0130NA SAN. T\u0130C. LTD. \u015eT\u0130.<\/li>\n<li>MECALAC \u0130\u015e MAK\u0130NELER\u0130 SAN. VE T\u0130C. LTD. \u015eT\u0130.<\/li>\n<li>MEKAL\u0130FT MAK\u0130NE DI\u015e T\u0130CARET A.\u015e.<\/li>\n<li>MENZI MUCK<\/li>\n<li>MERLO<\/li>\n<li>METSO<\/li>\n<li>MITSUBISHI<\/li>\n<li>MST SATI\u015e PAZARLAMA VE YATIRIM A.\u015e.<\/li>\n<li>NEW HOLLAND<\/li>\n<li>N\u0130HAT \u00d6ZT\u00dcZ\u00dcN VE O\u011eULLARI \u0130\u015e MAK\u0130NALARI SAN. T\u0130C. LTD. \u015eT\u0130.<\/li>\n<li>NT MAK\u0130NA \u0130MALAT \u0130N\u015e. NAK.SAN. \u0130TH. VE \u0130HR. A.\u015e.<\/li>\n<li>\u00d6Z\u00c7EL\u0130KLER SSH H\u0130DROL\u0130K S\u0130STEMLER\u0130 SAN. VE T\u0130C A.\u015e.<\/li>\n<li>\u00d6ZSAN<\/li>\n<li>PAR\u00c7ACI \u0130\u015e MAK. \u0130TH. \u0130HR. VE T\u0130C. LTD. \u015eT\u0130.<\/li>\n<li>PETROL OF\u0130S\u0130 A.\u015e.<\/li>\n<li>P\u0130M-MAK-SAN \u0130\u015e MAK. OTO. \u0130N\u015e. NAKL. TURZ. SAN. VE T\u0130C. LTD. \u015eT\u0130.<\/li>\n<li>PLATFON MAK\u0130NE ANON\u0130M \u015e\u0130RKET\u0130<\/li>\n<li>PM PARTS DI\u015e T\u0130CARET LTD.\u015eT\u0130.<\/li>\n<li>PROSPERA \u0130\u015e MAK\u0130NALARI \u0130TH. \u0130HR. SAN. VE T\u0130C. LTD. \u015eT\u0130.<\/li>\n<li>PUTZMEISTER MAK\u0130NE SAN. VE T\u0130C. A.\u015e.<\/li>\n<li><\/li>\n<li>QUADRO MAK\u0130NE SANAY\u0130 L\u0130M\u0130TED \u015e\u0130RKET\u0130<\/li>\n<li>RASA AL\u00dcM\u0130NYUM RADYAT\u00d6R A\u015e<\/li>\n<li>ROB\u0130T<\/li>\n<li>ROYAL FORKL\u0130FT ANON\u0130M \u015e\u0130RKET\u0130<\/li>\n<li>RROLINE<\/li>\n<li>RSP<\/li>\n<li>RTD D\u00d6K\u00dcM METAL \u0130N\u015e. OTOMOT\u0130V \u0130TH. VE \u0130HR. LTD. \u015eT\u0130.<\/li>\n<li>RUBLE MASTER<\/li>\n<li>SANY<\/li>\n<li>SAP POWER<\/li>\n<li>SCHW\u0130NG<\/li>\n<li>SEL H\u0130DROL\u0130K<\/li>\n<li>SEMPER\u0130T H\u0130DROL\u0130K<\/li>\n<li>S\u0130F \u0130\u015e MAK\u0130NALARI PAZARLAMA SAN VE T\u0130C A\u015e<\/li>\n<li>SKYM\u0130X BETON SANTRALLER\u0130 SAN. VE T\u0130C. LTD. \u015eT\u0130.<\/li>\n<li>SMART LIFT<\/li>\n<li>SPARTEK MAK\u0130NE OTOMOT\u0130V A.\u015e.<\/li>\n<li>SUMITOMO<\/li>\n<li>\u015eAH RADYAT\u00d6R \u0130MALAT LTD. \u015eT\u0130.<\/li>\n<li>TAKEUCH\u0130<\/li>\n<li>TARKAN YAVUZ<\/li>\n<li>TARKAN YAVUZ<\/li>\n<li>TARLAM CEPTE<\/li>\n<li>TEKMAK \u0130ST\u0130F MAK\u0130NALARI SAN.VE T\u0130C.A.\u015e.<\/li>\n<li>TEKSAN H\u0130DROL\u0130K REKOR LTD. \u015eT\u0130.<\/li>\n<li>TEREX<\/li>\n<li>TGM KULE V\u0130N\u00c7 SANAY\u0130 VE DI\u015e T\u0130CARET L\u0130M\u0130TED \u015e\u0130RKET\u0130<\/li>\n<li>TKS MAK\u0130NA A.\u015e<\/li>\n<li>TORA PETROL \u00dcR\u00dcN. M\u00dcH. ELEK. VE ELEKT. SAN. T\u0130C. A.\u015e.<\/li>\n<li>TRANSDIESEL S. L. TURKEY LIAISON OFFICE<\/li>\n<li>TSG METAL TASARIM REKLAM \u0130N\u015eAAT SANAY\u0130 VE T\u0130CARET L\u0130M\u0130TED \u015e\u0130RKET\u0130<\/li>\n<li>TSM GLOBAL TURKEY MAK\u0130NA SAN. VE T\u0130C. A.\u015e.<\/li>\n<li>TSM GLOBAL TURKEY MAK\u0130NA SAN. VE T\u0130C. A.\u015e.<\/li>\n<li>TSM GLOBAL TURKEY MAK\u0130NA SAN. VE T\u0130C. A.\u015e.<\/li>\n<li>TSM GLOBAL TURKEY MAK\u0130NA SAN. VE T\u0130C. A.\u015e.<\/li>\n<li>T\u00dcRK TRAKT\u00d6R VE Z\u0130RAAT MAK\u0130NELER\u0130 A.\u015e.<\/li>\n<li>TVH PARTS HOLDING NV<\/li>\n<li>TYSIM MAK\u0130NA SANAY\u0130 VE T\u0130C. LTD. \u015eT\u0130.<\/li>\n<li>UNACEA<\/li>\n<li>UYGUNLAR DI\u015e T\u0130C. A.\u015e.<\/li>\n<li>VEGA AK\u00dc<\/li>\n<li>VOLVO<\/li>\n<li>WEX<\/li>\n<li>X\u0130L\u0130N<\/li>\n<li>XUGONG \u0130\u015e MAK\u0130NE SAN. VE T\u0130C. LTD. \u015eT\u0130.<\/li>\n<li>YALE FORKLIFT<\/li>\n<li>YANMAR<\/li>\n<li>YKM KO\u00c7 YAPI GRUP \u0130N\u015eAAT MAK\u0130NA \u0130THALAT \u0130HRACAT SAN. VE T\u0130C. LTD. \u015eT\u0130.<\/li>\n<li>YUCHA\u0130<\/li>\n<li>Y\u00dcCELEN OTOMOT\u0130V \u0130N\u015eAAT MAK\u0130NA SAN. VE T\u0130C. LTD. \u015eT\u0130.<\/li>\n<li>ZAMAC OTOMOT\u0130V \u0130N\u015eAAT VE \u0130\u015e MAK. T\u0130C. LTD. \u015eT\u0130.<\/li>\n<li>ZOOMLION CIFA MAK\u0130NE SANAY\u0130 VE T\u0130CARET A.\u015e.<\/li>\n<\/ul>\n<\/div><\/div><\/div><\/div><\/div><\/div><\/section>\n","protected":false},"excerpt":{"rendered":"ACCESS AKM \u0130\u015e MAK\u0130NALARI SAN. VE T\u0130C. LTD. \u015eT\u0130. AKSAN MAK\u0130NA HASAN H\u00dcSEY\u0130N AKSU ALTIN YAPIM F\u0130LM MEDYA ORG. VE B\u0130L\u0130\u015e\u0130M A.\u015e. ANA\u00c7 MAK\u0130NA \u0130N\u015e.TEKS.SAN.T\u0130C.LTD.\u015eT\u0130 APA M\u00dcTEAHH\u0130TL\u0130K DAN.PROJE \u0130N\u015e.MAK.SAN VE T\u0130C.A.\u015e ARMOTEK \u0130\u00c7 VE DI\u015e T\u0130CARET LTD. \u015eT\u0130. ASBLOK MAK\u0130NA METAL \u00dcR\u00dcN \u0130ML. \u0130TH. \u0130HR. SAN. VE T\u0130C. LTD. \u015eT\u0130. ASCENDUM MAK\u0130NA T\u0130C. A.\u015e. ASiMATO...","protected":false},"author":1,"featured_media":0,"parent":0,"menu_order":0,"comment_status":"closed","ping_status":"closed","template":"","meta":{"_acf_changed":false,"footnotes":""},"class_list":["post-9652","page","type-page","status-publish","hentry"],"acf":[],"_links":{"self":[{"href":"https:\/\/komatekfuar.com\/en\/wp-json\/wp\/v2\/pages\/9652","targetHints":{"allow":["GET"]}}],"collection":[{"href":"https:\/\/komatekfuar.com\/en\/wp-json\/wp\/v2\/pages"}],"about":[{"href":"https:\/\/komatekfuar.com\/en\/wp-json\/wp\/v2\/types\/page"}],"author":[{"embeddable":true,"href":"https:\/\/komatekfuar.com\/en\/wp-json\/wp\/v2\/users\/1"}],"replies":[{"embeddable":true,"href":"https:\/\/komatekfuar.com\/en\/wp-json\/wp\/v2\/comments?post=9652"}],"version-history":[{"count":10,"href":"https:\/\/komatekfuar.com\/en\/wp-json\/wp\/v2\/pages\/9652\/revisions"}],"predecessor-version":[{"id":10147,"href":"https:\/\/komatekfuar.com\/en\/wp-json\/wp\/v2\/pages\/9652\/revisions\/10147"}],"wp:attachment":[{"href":"https:\/\/komatekfuar.com\/en\/wp-json\/wp\/v2\/media?parent=9652"}],"curies":[{"name":"wp","href":"https:\/\/api.w.org\/{rel}","templated":true}]}}